{"id":2017,"date":"2024-03-21T14:13:27","date_gmt":"2024-03-21T14:13:27","guid":{"rendered":"https:\/\/lamaisondefrancois.fr\/?page_id=2017"},"modified":"2024-03-21T14:32:51","modified_gmt":"2024-03-21T14:32:51","slug":"mentions-legales","status":"publish","type":"page","link":"https:\/\/lamaisondefrancois.fr\/en\/mentions-legales\/","title":{"rendered":"Mentions l\u00e9gales"},"content":{"rendered":"<style>.kb-row-layout-id1426_6b2836-41 > .kt-row-column-wrap{align-content:start;}:where(.kb-row-layout-id1426_6b2836-41 > .kt-row-column-wrap) > .wp-block-kadence-column{justify-content:start;}.kb-row-layout-id1426_6b2836-41 > .kt-row-column-wrap{column-gap:var(--global-kb-gap-md, 2rem);row-gap:var(--global-kb-gap-md, 2rem);padding-top:0px;padding-bottom:0px;grid-template-columns:minmax(0, 1fr);}.kb-row-layout-id1426_6b2836-41 > .kt-row-layout-overlay{opacity:0.30;}.kb-row-layout-id1426_6b2836-41 .kt-row-layout-bottom-sep{height:100px;}.kb-row-layout-id1426_6b2836-41 .kt-row-layout-bottom-sep svg{width:100%;}.kb-row-layout-id1426_6b2836-41 .kt-row-layout-bottom-sep svg{fill:var(--global-palette9, #ffffff)!important;}@media all and (max-width: 1024px){.kb-row-layout-id1426_6b2836-41 > .kt-row-column-wrap{grid-template-columns:minmax(0, 1fr);}}@media all and (max-width: 1024px){.kb-row-layout-id1426_6b2836-41 .kt-row-layout-bottom-sep{height:px;}}@media all and (max-width: 1024px){.kb-row-layout-id1426_6b2836-41 .kt-row-layout-bottom-sep svg{width:%;}}@media all and (max-width: 767px){.kb-row-layout-id1426_6b2836-41 > .kt-row-column-wrap{grid-template-columns:minmax(0, 1fr);}.kb-row-layout-id1426_6b2836-41 .kt-row-layout-bottom-sep{height:px;}.kb-row-layout-id1426_6b2836-41 .kt-row-layout-bottom-sep svg{width:%;}}<\/style><div class=\"kb-row-layout-wrap kb-row-layout-id1426_6b2836-41 alignnone wp-block-kadence-rowlayout\"><div class=\"kt-row-column-wrap kt-has-1-columns kt-row-layout-equal kt-tab-layout-inherit kt-mobile-layout-row kt-row-valign-top\">\n<style>.kadence-column1426_4e89c3-53 > .kt-inside-inner-col,.kadence-column1426_4e89c3-53 > .kt-inside-inner-col:before{border-top-left-radius:0px;border-top-right-radius:0px;border-bottom-right-radius:0px;border-bottom-left-radius:0px;}.kadence-column1426_4e89c3-53 > .kt-inside-inner-col{column-gap:var(--global-kb-gap-sm, 1rem);}.kadence-column1426_4e89c3-53 > .kt-inside-inner-col{flex-direction:column;}.kadence-column1426_4e89c3-53 > .kt-inside-inner-col > .aligncenter{width:100%;}.kadence-column1426_4e89c3-53 > .kt-inside-inner-col{background-color:var(--global-palette9, #ffffff);background-image:url('https:\/\/lamaisondefrancois.fr\/wp-content\/uploads\/2023\/01\/operavichhy-1.jpg');background-size:cover;background-position:center center;background-attachment:scroll;background-repeat:no-repeat;}.kadence-column1426_4e89c3-53 > .kt-inside-inner-col:before{opacity:0.3;}.kadence-column1426_4e89c3-53{position:relative;}@media all and (max-width: 1024px){.kadence-column1426_4e89c3-53 > .kt-inside-inner-col{flex-direction:column;justify-content:center;}}@media all and (max-width: 767px){.kadence-column1426_4e89c3-53 > .kt-inside-inner-col{flex-direction:column;justify-content:center;}}<\/style>\n<div class=\"wp-block-kadence-column kadence-column1426_4e89c3-53 inner-column-1\"><div class=\"kt-inside-inner-col\"><style>.kb-image1426_cc30e7-ed:not(.kb-image-is-ratio-size) .kb-img, .kb-image1426_cc30e7-ed.kb-image-is-ratio-size{padding-top:20px;}.kb-image1426_cc30e7-ed .kb-image-has-overlay:after{opacity:0.3;}<\/style>\n<div class=\"wp-block-kadence-image kb-image1426_cc30e7-ed\"><figure class=\"aligncenter size-full\"><img loading=\"lazy\" decoding=\"async\" width=\"100\" height=\"100\" src=\"https:\/\/lamaisondefrancois.fr\/wp-content\/uploads\/2023\/01\/cropped-logoblancpetit.png\" alt=\"\" class=\"kb-img wp-image-309\"><\/figure><\/div>\n\n\n<style>.wp-block-kadence-advancedheading.kt-adv-heading1426_de3d59-93, .wp-block-kadence-advancedheading.kt-adv-heading1426_de3d59-93[data-kb-block=\"kb-adv-heading1426_de3d59-93\"]{padding-bottom:20px;text-align:center;font-size:32px;font-weight:400;font-style:normal;font-family:Calligraffitti;}.wp-block-kadence-advancedheading.kt-adv-heading1426_de3d59-93 mark.kt-highlight, .wp-block-kadence-advancedheading.kt-adv-heading1426_de3d59-93[data-kb-block=\"kb-adv-heading1426_de3d59-93\"] mark.kt-highlight{font-style:normal;color:#f76a0c;-webkit-box-decoration-break:clone;box-decoration-break:clone;padding-top:0px;padding-right:0px;padding-bottom:0px;padding-left:0px;}.wp-block-kadence-advancedheading.kt-adv-heading1426_de3d59-93 img.kb-inline-image, .wp-block-kadence-advancedheading.kt-adv-heading1426_de3d59-93[data-kb-block=\"kb-adv-heading1426_de3d59-93\"] img.kb-inline-image{width:150px;vertical-align:baseline;}<\/style>\n<h2 class=\"kt-adv-heading1426_de3d59-93 wp-block-kadence-advancedheading\" data-kb-block=\"kb-adv-heading1426_de3d59-93\"><strong><strong>Notre s\u00e9lection de logements tout confort<\/strong><\/strong><\/h2>\n<\/div><\/div>\n\n<\/div><\/div>\n\n<style>.kb-row-layout-id2017_ef9531-2e > .kt-row-column-wrap{align-content:start;}:where(.kb-row-layout-id2017_ef9531-2e > .kt-row-column-wrap) > .wp-block-kadence-column{justify-content:start;}.kb-row-layout-id2017_ef9531-2e > .kt-row-column-wrap{column-gap:var(--global-kb-gap-md, 2rem);row-gap:var(--global-kb-gap-md, 2rem);padding-top:40px;padding-bottom:25px;}.kb-row-layout-id2017_ef9531-2e > .kt-row-column-wrap > div:not(.added-for-specificity){grid-column:initial;}.kb-row-layout-id2017_ef9531-2e > .kt-row-column-wrap{grid-template-columns:minmax(0, 1fr) minmax(0, 3fr) minmax(0, 1fr);}.kb-row-layout-id2017_ef9531-2e > .kt-row-layout-overlay{opacity:0.30;background-color:rgba(202, 171, 87, 0);}@media all and (max-width: 1024px){.kb-row-layout-id2017_ef9531-2e > .kt-row-column-wrap > div:not(.added-for-specificity){grid-column:initial;}}@media all and (max-width: 1024px){.kb-row-layout-id2017_ef9531-2e > .kt-row-column-wrap{grid-template-columns:minmax(0, 1fr) minmax(0, 3fr) minmax(0, 1fr);}}@media all and (max-width: 767px){.kb-row-layout-id2017_ef9531-2e > .kt-row-column-wrap > div:not(.added-for-specificity){grid-column:initial;}.kb-row-layout-id2017_ef9531-2e > .kt-row-column-wrap{grid-template-columns:minmax(0, 1fr);}}<\/style><div class=\"kb-row-layout-wrap kb-row-layout-id2017_ef9531-2e alignnone has-theme-palette9-background-color kt-row-has-bg wp-block-kadence-rowlayout\"><div class=\"kt-row-layout-overlay kt-row-overlay-normal\"><\/div><div class=\"kt-row-column-wrap kt-has-3-columns kt-row-layout-center-wide kt-tab-layout-inherit kt-mobile-layout-row kt-row-valign-top\">\n<style>.kadence-column2017_51253b-a7 > .kt-inside-inner-col,.kadence-column2017_51253b-a7 > .kt-inside-inner-col:before{border-top-left-radius:0px;border-top-right-radius:0px;border-bottom-right-radius:0px;border-bottom-left-radius:0px;}.kadence-column2017_51253b-a7 > .kt-inside-inner-col{column-gap:var(--global-kb-gap-sm, 1rem);}.kadence-column2017_51253b-a7 > .kt-inside-inner-col{flex-direction:column;}.kadence-column2017_51253b-a7 > .kt-inside-inner-col > .aligncenter{width:100%;}.kadence-column2017_51253b-a7 > .kt-inside-inner-col:before{opacity:0.3;}.kadence-column2017_51253b-a7{position:relative;}@media all and (max-width: 1024px){.kadence-column2017_51253b-a7 > .kt-inside-inner-col{flex-direction:column;justify-content:center;}}@media all and (max-width: 767px){.kadence-column2017_51253b-a7 > .kt-inside-inner-col{flex-direction:column;justify-content:center;}}<\/style>\n<div class=\"wp-block-kadence-column kadence-column2017_51253b-a7 inner-column-1\"><div class=\"kt-inside-inner-col\"><\/div><\/div>\n\n\n<style>.kadence-column2017_b38263-29 > .kt-inside-inner-col,.kadence-column2017_b38263-29 > .kt-inside-inner-col:before{border-top-left-radius:0px;border-top-right-radius:0px;border-bottom-right-radius:0px;border-bottom-left-radius:0px;}.kadence-column2017_b38263-29 > .kt-inside-inner-col{column-gap:var(--global-kb-gap-sm, 1rem);}.kadence-column2017_b38263-29 > .kt-inside-inner-col{flex-direction:column;}.kadence-column2017_b38263-29 > .kt-inside-inner-col > .aligncenter{width:100%;}.kadence-column2017_b38263-29 > .kt-inside-inner-col:before{opacity:0.3;}.kadence-column2017_b38263-29{position:relative;}@media all and (max-width: 1024px){.kadence-column2017_b38263-29 > .kt-inside-inner-col{flex-direction:column;justify-content:center;}}@media all and (max-width: 767px){.kadence-column2017_b38263-29 > .kt-inside-inner-col{flex-direction:column;justify-content:center;}}<\/style>\n<div class=\"wp-block-kadence-column kadence-column2017_b38263-29 inner-column-3\"><div class=\"kt-inside-inner-col\">\n<h1 class=\"wp-block-heading has-text-align-center\">MENTIONS LEGALES<\/h1>\n\n\n\n<p><\/p>\n\n\n\n<h4 class=\"wp-block-heading\">INFORMATIONS H\u00c9BERGEUR<\/h4>\n\n\n\n<p>Ce site est h\u00e9berg\u00e9 par&nbsp;<strong>Hostinger<\/strong>, dont le si\u00e8ge social est situ\u00e9 au 61 Lordou Vironos Street, 6023 Larnaca, Chypre.<\/p>\n\n\n\n<h4 class=\"wp-block-heading\">INFORMATIONS EDITEUR<\/h4>\n\n\n\n<p><strong><u>Raison sociale<\/u><\/strong>\u00a0: LA MAISON DE FRANCOIS<\/p>\n\n\n\n<p><strong>Capital social :<\/strong>1000 \u20ac<\/p>\n\n\n\n<p><strong>Adresse<\/strong>\u00a0: 50 boulevard du sichon, 03200 VICHY, France<br><strong>T\u00e9l\u00e9phone<\/strong>\u00a0: 0689719543<br><strong>E-mail<\/strong>\u00a0: lamaisondefrancois03@gmail.com<br><strong>Directeur de publication<\/strong>\u00a0: Fran\u00e7ois LEMAIRE<br><strong>RCS<\/strong>\u00a0: 977901818<\/p>\n\n\n\n<p><strong>Num\u00e9ro TVA Intracommunautaire :<\/strong>\u00a0FR24977901818<br><strong>Forme juridique<\/strong>\u00a0: SAS<\/p>\n\n\n\n<p><\/p>\n\n\n\n<p><\/p>\n\n\n\n<h4 class=\"wp-block-heading\">CONDITIONS UTILISATION<\/h4>\n\n\n\n<p><\/p>\n\n\n\n<p>En utilisant le site, vous reconnaissez avoir pris connaissance de ces conditions et les avoir accept\u00e9es. Celles-ci pourront \u00eatre modifi\u00e9es \u00e0 tout moment et sans pr\u00e9avis par la soci\u00e9t\u00e9. L\u2019entreprise\u00a0 ne saurait \u00eatre tenue pour responsable en aucune mani\u00e8re d\u2019une mauvaise utilisation du service.<\/p>\n\n\n\n<p><\/p>\n\n\n\n<p>LIMITATION RESPONSABILITE <\/p>\n\n\n\n<p>Les informations contenues sur ce site sont aussi pr\u00e9cises que possible et le site est p\u00e9riodiquement remis \u00e0 jour, mais peut toutefois contenir des inexactitudes, des omissions ou des lacunes. Si vous constatez une erreur ou ce qui peut \u00eatre un dysfonctionnement, merci de bien vouloir le signaler par email en d\u00e9crivant le probl\u00e8me de la mani\u00e8re la plus pr\u00e9cise possible. Tout contenu t\u00e9l\u00e9charg\u00e9 se fait aux risques et p\u00e9rils de l\u2019utilisateur et sous sa seule responsabilit\u00e9. En cons\u00e9quence, l\u2019entreprise\u00a0 ne saurait \u00eatre tenue responsable d\u2019un quelconque dommage subi par l\u2019ordinateur de l\u2019utilisateur ou d\u2019une quelconque perte de donn\u00e9es cons\u00e9cutives au t\u00e9l\u00e9chargement. Les photos sont non contractuelles. Les liens hypertextes mis en place sur ce site internet en direction d\u2019autres sites internet ne sauraient engager notre responsabilit\u00e9.<\/p>\n\n\n\n<p>\u00a0<\/p>\n\n\n\n<p>LITIGES <\/p>\n\n\n\n<p>Les pr\u00e9sentes conditions sont r\u00e9gies par les lois fran\u00e7aises et toute contestation ou litige qui pourrait na\u00eetre de l\u2019interpr\u00e9tation ou de l\u2019ex\u00e9cution de celles-ci seront de la comp\u00e9tence exclusive des tribunaux dont d\u00e9pend le si\u00e8ge social de la soci\u00e9t\u00e9. La langue de r\u00e9f\u00e9rence, pour le r\u00e8glement de contentieux \u00e9ventuels, est le fran\u00e7ais.<\/p>\n\n\n\n<p><\/p>\n\n\n\n<p>DROIT D\u2019ACCES <\/p>\n\n\n\n<p>En application de la loi informatique et libert\u00e9s, les internautes disposent d\u2019un droit d\u2019acc\u00e8s, de rectification, de modification et de suppression concernant les donn\u00e9es qui les concernent personnellement.<\/p>\n\n\n\n<p><\/p>\n\n\n\n<p>Le droit d\u2019acc\u00e8s : ils peuvent exercer leur droit d\u2019acc\u00e8s, pour conna\u00eetre les donn\u00e9es personnelles les concernant, en \u00e9crivant \u00e0 l\u2019adresse \u00e9lectronique suivante : lamaisondefrancois03@gmail.com . Dans ce cas, avant la mise en \u0153uvre de ce droit, la Plateforme peut demander une preuve de l\u2019identit\u00e9 de l\u2019utilisateur afin d\u2019en v\u00e9rifier l\u2019exactitude.<\/p>\n\n\n\n<p><\/p>\n\n\n\n<p>Le droit de rectification : si les donn\u00e9es \u00e0 caract\u00e8re personnel d\u00e9tenues par la Plateforme sont inexactes, ils peuvent demander la mise \u00e0 jour des informations. Le droit de suppression des donn\u00e9es : les utilisateurs peuvent demander la suppression de leurs donn\u00e9es \u00e0 caract\u00e8re personnel, conform\u00e9ment aux lois applicables en mati\u00e8re de protection des donn\u00e9es. Ce droit peut \u00eatre exerc\u00e9 par voie postale aupr\u00e8s de LA MAISON DE FRANCOIS,50 boulevard du sichon, 03200 VICHY, France ou par voie \u00e9lectronique \u00e0 l\u2019adresse email suivante : lamaisondefrancois03@gmail.com. Les informations personnelles collect\u00e9es sont confidentielles et ne sont en aucun cas transmises \u00e0 des tiers hormis pour l\u2019\u00e9ventuelle bonne ex\u00e9cution de la prestation command\u00e9e par l\u2019internaute. En vertu de la loi n\u00b0 2000-719 du 1er ao\u00fbt 2000, les coordonn\u00e9es d\u00e9clar\u00e9es par l\u2019acheteur pourront \u00eatre communiqu\u00e9es sur r\u00e9quisition des autorit\u00e9s judiciaires. <\/p>\n\n\n\n<p><\/p>\n\n\n\n<p>COLLECTE PROTECTION DONN\u00c9ES <\/p>\n\n\n\n<p>Vos donn\u00e9es sont collect\u00e9es par LA MAISONDE FRANCOIS. Une donn\u00e9e \u00e0 caract\u00e8re personnel d\u00e9signe toute information concernant une personne physique identifi\u00e9e ou identifiable (personne concern\u00e9e); est r\u00e9put\u00e9e identifiable une personne qui peut \u00eatre identifi\u00e9e, directement ou indirectement, notamment par r\u00e9f\u00e9rence \u00e0 un nom, un num\u00e9ro d\u2019identification ou \u00e0 un ou plusieurs \u00e9l\u00e9ments sp\u00e9cifiques, propres \u00e0 son identit\u00e9 physique, physiologique, g\u00e9n\u00e9tique, psychique, \u00e9conomique, culturelle ou sociale. Les informations personnelles pouvant \u00eatre recueillies sur le site sont principalement utilis\u00e9es par l\u2019\u00e9diteur pour la gestion des relations avec vous. Les donn\u00e9es collect\u00e9es sont les suivantes dans le formulaire de contact sont : Nom et pr\u00e9nom Adresse mail Adresse Num\u00e9ro de t\u00e9l\u00e9phone Afin de traiter votre demande, LA MAISONDE FRANCOIS devra effectuer un traitement des donn\u00e9es personnelles vous concernant. Les donn\u00e9es sont conserv\u00e9es pendant deux (2) ans \u00e0 compter de notre dernier contact et sont destin\u00e9es exclusivement \u00e0 LA MAISONDE FRANCOIS, elles ne seront pas transmises \u00e0 des tiers.<\/p>\n\n\n\n<p><\/p>\n\n\n\n<p>OPPOSITION AU DEMARCHAGE TELEPHONIQUE <\/p>\n\n\n\n<p>Selon l\u2019article L223-1, le consommateur qui ne souhaite pas faire l\u2019objet de prospection commerciale par voie t\u00e9l\u00e9phonique peut gratuitement s\u2019inscrire sur une liste d\u2019opposition au d\u00e9marchage t\u00e9l\u00e9phonique. Il est interdit \u00e0 un professionnel, directement ou par l\u2019interm\u00e9diaire d\u2019un tiers agissant pour son compte, de d\u00e9marcher t\u00e9l\u00e9phoniquement un consommateur inscrit sur cette liste, sauf lorsqu\u2019il s\u2019agit de sollicitations intervenant dans le cadre de l\u2019ex\u00e9cution d\u2019un contrat en cours et ayant un rapport avec l\u2019objet de ce contrat, y compris lorsqu\u2019il s\u2019agit de proposer au consommateur des produits ou des services aff\u00e9rents ou compl\u00e9mentaires \u00e0 l\u2019objet du contrat en cours ou de nature \u00e0 am\u00e9liorer ses performances ou sa qualit\u00e9. Toute prospection commerciale de consommateurs par des professionnels, par voie t\u00e9l\u00e9phonique, ayant pour objet la vente d\u2019\u00e9quipements ou la r\u00e9alisation de travaux pour des logements en vue de la r\u00e9alisation d\u2019\u00e9conomies d\u2019\u00e9nergie ou de la production d\u2019\u00e9nergies renouvelables est interdite, \u00e0 l\u2019exception des sollicitations intervenant dans le cadre de l\u2019ex\u00e9cution d\u2019un contrat en cours au sens du deuxi\u00e8me alin\u00e9a du pr\u00e9sent article.<\/p>\n\n\n\n<p><\/p>\n\n\n\n<p>PROPRIETE INTELLECTUELLE <\/p>\n\n\n\n<p>Tout le contenu du pr\u00e9sent site, incluant, de fa\u00e7on non limitative, les graphismes, images, textes, vid\u00e9os, animations, sons, logos, gifs et ic\u00f4nes ainsi que leur mise en forme sont la propri\u00e9t\u00e9 exclusive de la soci\u00e9t\u00e9 LA MAISONDE FRANCOIS \u00e0 l\u2019exception des marques, logos ou contenus appartenant \u00e0 d\u2019autres soci\u00e9t\u00e9s partenaires ou auteurs. Toute reproduction, distribution, modification, adaptation, retransmission ou publication, m\u00eame partielle, de ces diff\u00e9rents \u00e9l\u00e9ments est strictement interdite sans l\u2019accord express par \u00e9crit de LA MAISONDE FRANCOIS.<\/p>\n<\/div><\/div>\n\n\n<style>.kadence-column2017_159a6c-48 > .kt-inside-inner-col,.kadence-column2017_159a6c-48 > .kt-inside-inner-col:before{border-top-left-radius:0px;border-top-right-radius:0px;border-bottom-right-radius:0px;border-bottom-left-radius:0px;}.kadence-column2017_159a6c-48 > .kt-inside-inner-col{column-gap:var(--global-kb-gap-sm, 1rem);}.kadence-column2017_159a6c-48 > .kt-inside-inner-col{flex-direction:column;}.kadence-column2017_159a6c-48 > .kt-inside-inner-col > .aligncenter{width:100%;}.kadence-column2017_159a6c-48 > .kt-inside-inner-col:before{opacity:0.3;}.kadence-column2017_159a6c-48{position:relative;}@media all and (max-width: 1024px){.kadence-column2017_159a6c-48 > .kt-inside-inner-col{flex-direction:column;justify-content:center;}}@media all and (max-width: 767px){.kadence-column2017_159a6c-48 > .kt-inside-inner-col{flex-direction:column;justify-content:center;}}<\/style>\n<div class=\"wp-block-kadence-column kadence-column2017_159a6c-48\"><div class=\"kt-inside-inner-col\"><\/div><\/div>\n\n<\/div><\/div>\n\n\n<p class=\"has-text-align-center has-small-font-size\">La <a href=\"https:\/\/lamaisondefrancois.fr\/\" data-type=\"page\" data-id=\"1356\">Maison de Fran\u00e7ois<\/a> est un site de r\u00e9servation pour la location saisonni\u00e8re \u00e0 VIchy<\/p>\n\n\n\n<p><\/p>\n","protected":false},"excerpt":{"rendered":"<p>MENTIONS LEGALES INFORMATIONS H\u00c9BERGEUR Ce site est h\u00e9berg\u00e9 par&nbsp;Hostinger, dont le si\u00e8ge social est situ\u00e9 au 61 Lordou Vironos Street, 6023 Larnaca, Chypre. INFORMATIONS EDITEUR Raison sociale\u00a0: LA MAISON DE FRANCOIS Capital social :1000 \u20ac Adresse\u00a0: 50 boulevard du sichon, 03200 VICHY, FranceT\u00e9l\u00e9phone\u00a0: 0689719543E-mail\u00a0: lamaisondefrancois03@gmail.comDirecteur de publication\u00a0: Fran\u00e7ois LEMAIRERCS\u00a0: 977901818 Num\u00e9ro TVA Intracommunautaire :\u00a0FR24977901818Forme juridique\u00a0:&#8230;<\/p>","protected":false},"author":1,"featured_media":0,"parent":0,"menu_order":0,"comment_status":"closed","ping_status":"closed","template":"","meta":{"_kadence_starter_templates_imported_post":false,"_kad_post_transparent":"","_kad_post_title":"hide","_kad_post_layout":"fullwidth","_kad_post_sidebar_id":"","_kad_post_content_style":"unboxed","_kad_post_vertical_padding":"default","_kad_post_feature":"","_kad_post_feature_position":"","_kad_post_header":false,"_kad_post_footer":false,"_kad_post_classname":"","footnotes":""},"class_list":["post-2017","page","type-page","status-publish","hentry"],"_links":{"self":[{"href":"https:\/\/lamaisondefrancois.fr\/en\/wp-json\/wp\/v2\/pages\/2017","targetHints":{"allow":["GET"]}}],"collection":[{"href":"https:\/\/lamaisondefrancois.fr\/en\/wp-json\/wp\/v2\/pages"}],"about":[{"href":"https:\/\/lamaisondefrancois.fr\/en\/wp-json\/wp\/v2\/types\/page"}],"author":[{"embeddable":true,"href":"https:\/\/lamaisondefrancois.fr\/en\/wp-json\/wp\/v2\/users\/1"}],"replies":[{"embeddable":true,"href":"https:\/\/lamaisondefrancois.fr\/en\/wp-json\/wp\/v2\/comments?post=2017"}],"version-history":[{"count":4,"href":"https:\/\/lamaisondefrancois.fr\/en\/wp-json\/wp\/v2\/pages\/2017\/revisions"}],"predecessor-version":[{"id":2029,"href":"https:\/\/lamaisondefrancois.fr\/en\/wp-json\/wp\/v2\/pages\/2017\/revisions\/2029"}],"wp:attachment":[{"href":"https:\/\/lamaisondefrancois.fr\/en\/wp-json\/wp\/v2\/media?parent=2017"}],"curies":[{"name":"wp","href":"https:\/\/api.w.org\/{rel}","templated":true}]}}